{"id":349,"date":"2020-07-29T11:19:40","date_gmt":"2020-07-29T11:19:40","guid":{"rendered":"https:\/\/www.chinatownparts.com\/"},"modified":"2024-03-07T23:03:40","modified_gmt":"2024-03-08T04:03:40","slug":"home-5","status":"publish","type":"page","link":"https:\/\/www.chinatownparts.com\/","title":{"rendered":"Home"},"content":{"rendered":"<div class=\"brz-root__container brz-reset-all\">\n<section id=\"fbpxfuppiimlonvvfvrsrqpqnoawhraysdqz\" class=\"brz-section brz-css-gx9oF\">\n<div class=\"brz-section__content brz-section--boxed brz-css-kE8Jl brz-css-ulA3y\" data-brz-custom-id=\"caiomgpxwpdvkmxgpgtarcfwgcrzyfqbfrwh\">\n<div class=\"brz-bg\">\n<div class=\"brz-bg-image\"><\/div>\n<\/div>\n<div class=\"brz-container brz-css-b_h3U\">\n<div class=\"brz-row__container brz-css-e5jyZ\" data-brz-custom-id=\"gwblmsbbtepnafnmvpimnrgbkdstqizawvxt\">\n<div class=\"brz-bg\"><\/div>\n<div class=\"brz-row brz-css-a9zpk brz-css-glcQz\">\n<div class=\"brz-columns brz-css-gOh1S brz-css-dxp13\" data-brz-custom-id=\"whjuvuhxjkwysjjkoulvmgycoshinyvaptju\">\n<div class=\"brz-bg\"><\/div>\n<div class=\"brz-column__items brz-css-gXQdd\">\n<div id class=\"brz-css-dV3sl brz-wrapper\">\n<div class=\"brz-rich-text brz-rich-text__custom brz-css-xeL8f\" data-brz-custom-id=\"wexchlyreltvmelpvjirdbymhqbejpeyjvye\">\n<div data-brz-translate-text=\"1\">\n<p class=\"brz-text-xs-center brz-tp-lg-heading1 brz-css-wnbjj\" data-uniq-id=\"gBMJF\" data-generated-css=\"brz-css-tBqjb\"><span>REPUESTOS PARA AUTOS CHINOS<\/span><\/p>\n<\/div>\n<\/div>\n<\/div>\n<div id data-brz-iteration-count=\"1\" class=\"brz-css-dV3sl brz-wrapper brz-animated brz-css-hNTJH brz-css-j06qi\" data-animationid=\"mbsbguoyvvzxxlfrvqolpacavvaetgvwcoqi\">\n<div class=\"brz-rich-text brz-rich-text__custom brz-css-xeL8f\" data-brz-custom-id=\"slicscotcpephhzkvbhdtsbhbwzezdyvqsid\">\n<div data-brz-translate-text=\"1\">\n<p class=\"brz-text-lg-center brz-text-xs-center brz-fss-lg-px brz-fw-lg-400 brz-ls-lg-0 brz-lh-lg-1_6 brz-vfw-lg-400 brz-fwdth-lg-100 brz-fsft-lg-0 brz-tp-lg-empty brz-ff-lato brz-ft-google brz-fs-lg-20 brz-css-gmSsb\" data-uniq-id=\"yypEQ\" data-generated-css=\"brz-css-amyYa\"><span class=\"brz-cp-color8\">Nuestros repuestos originales ofrecen una mayor garant\u00eda de seguridad, dado que han sido rigurosamente validados y respaldados por el fabricante. Adem\u00e1s, cumplen con los est\u00e1ndares precisos establecidos por cada marca, lo que asegura su fabricaci\u00f3n impecable.<\/span><\/p>\n<\/div>\n<\/div>\n<\/div>\n<\/div>\n<\/div>\n<\/div>\n<\/div>\n<\/div>\n<\/div>\n<\/section>\n<section id=\"tnfbcqpbqwyhawvxoqrjhkmoldgrcqhyoswn\" class=\"brz-section brz-css-gx9oF\">\n<div class=\"brz-section__content brz-section--boxed brz-css-kE8Jl brz-css-pg8Eb\" data-brz-custom-id=\"iueyzuqfcudkmqwtfqtgjtzqbvmzfcggfidt\">\n<div class=\"brz-bg\">\n<div class=\"brz-bg-image\"><\/div>\n<div class=\"brz-bg-color\"><\/div>\n<\/div>\n<div class=\"brz-container brz-css-b_h3U\">\n<div class=\"brz-row__container brz-css-e5jyZ\" data-brz-custom-id=\"ajhkdfzmvmydwudhfjcrsrnrdfnfuwmuzgwk\">\n<div class=\"brz-bg\"><\/div>\n<div class=\"brz-row brz-css-a9zpk brz-css-glcQz\">\n<div class=\"brz-columns brz-css-gOh1S brz-css-elbdL\" data-brz-custom-id=\"tcgvfremdzhqdxfsllroympdjqxhvqbdbsdk\">\n<div class=\"brz-bg\"><\/div>\n<div class=\"brz-column__items brz-css-gXQdd brz-css-evNch\">\n<div id class=\"brz-css-dV3sl brz-wrapper\">\n<div class=\"brz-rich-text brz-rich-text__custom brz-css-xeL8f\" data-brz-custom-id=\"iyixaiipancjkpwixpjrhdjxbevcncxhacws\">\n<div data-brz-translate-text=\"1\">\n<p class=\"brz-tp-lg-heading2 brz-css-wDDZJ\" data-uniq-id=\"kY1H9\" data-generated-css=\"brz-css-tbCnF\">IMPORTACI\u00d3N DIRECTA<\/p>\n<\/div>\n<\/div>\n<\/div>\n<div id class=\"brz-css-dV3sl brz-wrapper\">\n<div class=\"brz-rich-text brz-rich-text__custom brz-css-xeL8f\" data-brz-custom-id=\"gpxkeumrzpfpzddsclbqsnxzplbjfauqcueo\">\n<div data-brz-translate-text=\"1\">\n<p class=\"brz-text-lg-justify brz-tp-lg-paragraph brz-css-q4unA\" data-generated-css=\"brz-css-uB39m\" data-uniq-id=\"zq6z7\"><span class=\"brz-cp-color7\">G<\/span><span class=\"brz-cp-color7\">arantizamos una calidad superior, ya que provienen de fabricantes reconocidos, asegurando un ajuste perfecto y una compatibilidad exacta con el veh\u00edculo. Adem\u00e1s la relaci\u00f3n calidad-precio y hacen que esta opci\u00f3n sea atractiva para aquellos que buscan una soluci\u00f3n confiable y efectiva para el mantenimiento y la reparaci\u00f3n de sus veh\u00edculos.<\/span><\/p>\n<\/div>\n<\/div>\n<\/div>\n<\/div>\n<\/div>\n<div class=\"brz-columns brz-css-gOh1S brz-css-amARb\" data-brz-custom-id=\"wxonetypnhllczqkiumzvtjefemnqfjuiftb\">\n<div class=\"brz-bg\"><\/div>\n<div class=\"brz-column__items brz-css-gXQdd\">\n<div id class=\"brz-css-dV3sl brz-wrapper\">\n<div class=\"brz-video brz-custom-video brz-video-on-controls-hidden brz-css-bNWB5 brz-css-bIhRD\" data-brz-custom-id=\"sftmckqlukfzevshstyzkastorwmundmbpba\">\n<div class=\"brz-video-content\" data-loop=\"false\" data-muted=\"false\" data-autoplay=\"off\">\n<div class=\"video-wrapper brz-image-fix-9-16 brz-css-pHp1a brz-css-zZJ_5\">\n<div class=\"brz-video__cover\">\n<div class=\"brz-video__cover-icon\"><span class=\"brz-span\"><\/span><\/div>\n<\/div>\n<\/div>\n<div class=\"brz-video-elem brz-css-vRP76 brz-css-bL8Hh\">\n<div class=\"brz-video-custom-video-controls\">\n<div class=\"brz-video-custom-play-pause-btn\"><\/div>\n<div class=\"brz-video-custom-controls brz-css-nbSHl\"><span class=\"brz-video-custom-current-time\">0:00<\/span><\/p>\n<div class=\"brz-video-custom-slider\">\n<div class=\"brz-video-custom-progress\"><\/div>\n<\/div>\n<p><span class=\"brz-video-custom-total-time\">0:00<\/span><\/div>\n<div class=\"brz-video-custom-volume\">\n<div class=\"brz-video-custom-fullscreen-btn\"><\/div>\n<div class=\"brz-video-custom-volume-btn\"><\/div>\n<div class=\"brz-video-custom-volume-controls brz-video-custom-slider\">\n<div class=\"brz-video-custom-progress\"><\/div>\n<\/div>\n<\/div>\n<\/div>\n<p><video data-time-start=\"0\" data-time-end=\"0\" class=\"brz-hidden intrinsic-ignore\" preload=\"none\" data-autoplay=\"off\" src=\"https:\/\/www.instagram.com\/reel\/C2Yw8TwMSVw\/?utm_source=ig_web_copy_link&amp;igsh=MzRlODBiNWFlZA==\" playsinline><\/video><\/div>\n<\/div>\n<\/div>\n<\/div>\n<\/div>\n<\/div>\n<\/div>\n<\/div>\n<\/div>\n<\/div>\n<\/section>\n<section id=\"qhxwcnhpkakmwskliaupefnzzhcqlqogzvqv\" class=\"brz-section brz-css-gx9oF\">\n<div class=\"brz-section__content brz-section--boxed brz-css-kE8Jl brz-css-prbWO\" data-brz-custom-id=\"nhfpbwffjnavtlehtpixhlhdrakhxuycraoo\">\n<div class=\"brz-container brz-css-b_h3U\">\n<div id class=\"brz-css-dV3sl brz-css-sSjYX brz-wrapper\">\n<div class=\"brz-spacer brz-css-yi_t9 brz-css-s5VeZ\"><\/div>\n<\/div>\n<\/div>\n<\/div>\n<\/section>\n<section id=\"unosjhhmkeujfgvdwuhphhfowilwgnlkehhu\" class=\"brz-section brz-css-gx9oF\">\n<div class=\"brz-section__content brz-section--boxed brz-css-kE8Jl brz-css-klqzL\" data-brz-custom-id=\"klikgkeylupixumpaibeohymzdvclujwcxyb\">\n<div class=\"brz-bg\">\n<div class=\"brz-bg-image\"><\/div>\n<div class=\"brz-bg-color\"><\/div>\n<\/div>\n<div class=\"brz-container brz-css-b_h3U\">\n<div class=\"brz-row__container brz-css-e5jyZ\" data-brz-custom-id=\"xjmmrlkzofntaqxssarpzjympubotekvzbjx\">\n<div class=\"brz-bg\"><\/div>\n<div class=\"brz-row brz-css-a9zpk brz-css-glcQz\">\n<div class=\"brz-columns brz-css-gOh1S brz-css-c0ouI\" data-brz-custom-id=\"iuyudvieepfjirdnuhpqbhuijwzeimggshla\">\n<div class=\"brz-bg\"><\/div>\n<div class=\"brz-column__items brz-css-gXQdd brz-css-eNtg1\">\n<div class=\"brz-row__container brz-css-e5jyZ\" data-brz-custom-id=\"llvjzhvcyygsiyqiwollacnsatutbssqrzrg\">\n<div class=\"brz-bg\"><\/div>\n<div class=\"brz-row brz-row--inner brz-css-a9zpk brz-css-glcQz\">\n<div class=\"brz-columns brz-css-gOh1S brz-css-iGmia\" data-brz-custom-id=\"xpprlpddxsdmwjpzmfdgvileygurgnyaxzsy\">\n<div class=\"brz-bg\"><\/div>\n<div class=\"brz-column__items brz-css-gXQdd brz-css-mVHR9\">\n<div id class=\"brz-css-dV3sl brz-css-cRtVT brz-wrapper\">\n<div class=\"brz-image brz-css-eukGW\" data-brz-custom-id=\"cgrlfzyvpkurrqqikmmokrazlmiikpwodgoy\"><img decoding=\"async\" class=\"brz-img\" src=\"https:\/\/www.chinatownparts.com\/wp-content\/uploads\/brizy\/imgs\/photo1709850058-263x326x0x8x263x258x1709850251.jpeg\" alt=\"\" loading=\"lazy\"><\/div>\n<\/div>\n<\/div>\n<\/div>\n<div class=\"brz-columns brz-css-gOh1S brz-css-eyobk\" data-brz-custom-id=\"noiscoqvmbixjmesxphyeyxwemcjsckvveen\">\n<div class=\"brz-bg\"><\/div>\n<div class=\"brz-column__items brz-css-gXQdd brz-css-x6IEg\">\n<div id class=\"brz-css-dV3sl brz-css-qMWeL brz-wrapper\">\n<div class=\"brz-image brz-css-kSUD6\" data-brz-custom-id=\"ypzwmauoeryfvwjepbzyqsrwjtatzaqramkm\"><img decoding=\"async\" class=\"brz-img\" src=\"https:\/\/www.chinatownparts.com\/wp-content\/uploads\/brizy\/imgs\/photo1709850058-3-263x327x0x5x263x258x1709850248.jpeg\" alt=\"\" loading=\"lazy\"><\/div>\n<\/div>\n<\/div>\n<\/div>\n<\/div>\n<\/div>\n<div class=\"brz-row__container brz-css-e5jyZ\" data-brz-custom-id=\"zqmogivupyulyolzmanunbzkaitkqlhxicbd\">\n<div class=\"brz-bg\"><\/div>\n<div class=\"brz-row brz-row--inner brz-css-a9zpk brz-css-glcQz\">\n<div class=\"brz-columns brz-css-gOh1S brz-css-kmklA\" data-brz-custom-id=\"dalxapbhxbhpvosfadxvjqgfylnqmsyngjjh\">\n<div class=\"brz-bg\"><\/div>\n<div class=\"brz-column__items brz-css-gXQdd brz-css-h4hfO\">\n<div id class=\"brz-css-dV3sl brz-css-e9SF1 brz-wrapper\">\n<div class=\"brz-image brz-css-sst6O\" data-brz-custom-id=\"aryepkwlzyjuknmsnelzbckfmxhscbzqmxtq\"><img decoding=\"async\" class=\"brz-img\" src=\"https:\/\/www.chinatownparts.com\/wp-content\/uploads\/brizy\/imgs\/photo1709850058-2-263x325x0x8x263x258x1709850235.jpeg\" alt=\"\" loading=\"lazy\"><\/div>\n<\/div>\n<\/div>\n<\/div>\n<div class=\"brz-columns brz-css-gOh1S brz-css-uMUTl\" data-brz-custom-id=\"gjjtzzdpxqyaegotfdaadccdlqykvgsavfrs\">\n<div class=\"brz-bg\"><\/div>\n<div class=\"brz-column__items brz-css-gXQdd brz-css-oScde\">\n<div id class=\"brz-css-dV3sl brz-css-ybKD7 brz-wrapper\">\n<div class=\"brz-image brz-css-a2WwQ\" data-brz-custom-id=\"jlykypdckmvwwobmjvxnfmyokyhydmkzlwzn\"><img decoding=\"async\" class=\"brz-img\" src=\"https:\/\/www.chinatownparts.com\/wp-content\/uploads\/brizy\/imgs\/photo1709850058-1-263x321x0x9x263x258x1709850233.jpeg\" alt=\"\" loading=\"lazy\"><\/div>\n<\/div>\n<\/div>\n<\/div>\n<\/div>\n<\/div>\n<\/div>\n<\/div>\n<div class=\"brz-columns brz-css-gOh1S brz-css-oxKJC\" data-brz-custom-id=\"dsajljiefyyfaumcilhytbrsyvdhltymaxsh\">\n<div class=\"brz-bg\"><\/div>\n<div class=\"brz-column__items brz-css-gXQdd brz-css-qqMR_\">\n<div id class=\"brz-css-dV3sl brz-wrapper\">\n<div class=\"brz-rich-text brz-rich-text__custom brz-css-xeL8f\" data-brz-custom-id=\"lyzpqaaryafocietxktbwojfjcehxccvmfog\">\n<div data-brz-translate-text=\"1\">\n<p class=\"brz-tp-lg-heading2 brz-css-wlMF3\" data-uniq-id=\"w7oTm\" data-generated-css=\"brz-css-yHbaE\"><span class=\"brz-cp-color2\">\u00a1Importancia de cambiar tus repuestos a tiempo!<\/span><\/p>\n<\/div>\n<\/div>\n<\/div>\n<div id class=\"brz-css-dV3sl brz-wrapper\">\n<div class=\"brz-rich-text brz-rich-text__custom brz-css-xeL8f\" data-brz-custom-id=\"fgwrqalxqtqqwkfkrcukjrzmdhbztceewehh\">\n<div data-brz-translate-text=\"1\">\n<p class=\"brz-text-lg-justify brz-tp-lg-paragraph brz-css-v901g\" data-uniq-id=\"e8osR\" data-generated-css=\"brz-css-lueyA\"><span class=\"brz-cp-color7\">Cambiar los repuestos de tu auto chino a tiempo es esencial <\/span><strong class=\"brz-cp-color7\">para mantener la seguridad y el rendimiento \u00f3ptimo del veh\u00edculo<\/strong><span class=\"brz-cp-color7\">. Los componentes desgastados o deteriorados pueden comprometer la capacidad de manejo y frenado, aumentando el riesgo de accidentes. Adem\u00e1s, el mantenimiento regular <\/span><strong class=\"brz-cp-color7\">ayuda a prevenir aver\u00edas costosas y a prolongar la vida \u00fatil del autom\u00f3vil<\/strong><span class=\"brz-cp-color7\">, asegurando as\u00ed una experiencia de conducci\u00f3n segura y sin problemas.<\/span><\/p>\n<\/div>\n<\/div>\n<\/div>\n<div id class=\"brz-css-dV3sl brz-css-sSjYX brz-css-fZ_lY brz-wrapper\">\n<div class=\"brz-spacer brz-css-yi_t9 brz-css-qp8jU\"><\/div>\n<\/div>\n<\/div>\n<\/div>\n<\/div>\n<\/div>\n<\/div>\n<\/div>\n<\/section>\n<\/div>\n<p>    <!-- version:1709870620 --><\/p>\n","protected":false},"excerpt":{"rendered":"<p>REPUESTOS PARA AUTOS CHINOS Nuestros repuestos originales ofrecen una mayor garant\u00eda de seguridad, dado que han sido rigurosamente validados y respaldados por el fabricante. Adem\u00e1s, cumplen con los est\u00e1ndares precisos establecidos por cada marca, lo que asegura su fabricaci\u00f3n impecable. IMPORTACI\u00d3N DIRECTA Garantizamos una calidad superior, ya que provienen de fabricantes reconocidos, asegurando un ajuste [&hellip;]<\/p>\n","protected":false},"author":1,"featured_media":433,"parent":0,"menu_order":0,"comment_status":"closed","ping_status":"closed","template":"","meta":{"footnotes":""},"blocksy_meta":{"page_title_panel":"","has_hero_section":"disabled","753bfe3db32116e260c11483ef164e65":"","hero_section":"type-1","hero_elements":[{"id":"custom_title","enabled":true,"heading_tag":"h1","title":"Home"},{"id":"custom_description","enabled":true,"description_visibility":{"desktop":true,"tablet":true,"mobile":false}},{"id":"custom_meta","enabled":false,"meta_elements":[{"id":"author","enabled":true,"label":"By","has_author_avatar":"yes","avatar_size":25},{"id":"post_date","enabled":true,"label":"On","date_format_source":"default","date_format":"M j, Y"},{"id":"comments","enabled":true}],"page_meta_elements":{"joined":true,"articles_count":true,"comments":true}},{"id":"breadcrumbs","enabled":false}],"c451f2f75a7cdbd46cb389b9b42d4015":"","hero_alignment1":"left","hero_alignment2":"center","hero_vertical_alignment":"center","a747bad31015c701f86983fae386a9e9":"","hero_structure":"narrow","5574ca62b60f48d7469bb837fe630fe4":"","page_title_bg_type":"featured_image","custom_hero_background":{"attachment_id":null},"parallax":{"desktop":false,"tablet":false,"mobile":false},"71a97ccc845e3f164e0a75573b6fdba0":"","hero_height":"230px","pageTitleFont":{"family":"Default","variation":"Default","size":{"desktop":"32px","tablet":"30px","mobile":"25px"},"line-height":"1.3","letter-spacing":"CT_CSS_SKIP_RULE","text-transform":"CT_CSS_SKIP_RULE","text-decoration":"CT_CSS_SKIP_RULE"},"pageTitleFontColor":{"default":{"color":"CT_CSS_SKIP_RULEDEFAULT"}},"pageMetaFont":{"family":"Default","variation":"n6","size":{"desktop":"12px","tablet":"12px","mobile":"12px"},"line-height":"1.3","letter-spacing":"CT_CSS_SKIP_RULE","text-transform":"uppercase","text-decoration":"CT_CSS_SKIP_RULE"},"pageMetaFontColor":{"default":{"color":"CT_CSS_SKIP_RULEDEFAULT"},"hover":{"color":"CT_CSS_SKIP_RULEDEFAULT"}},"pageExcerptFont":{"family":"Default","variation":"n5","size":"CT_CSS_SKIP_RULE","line-height":"CT_CSS_SKIP_RULE","letter-spacing":"CT_CSS_SKIP_RULE","text-transform":"CT_CSS_SKIP_RULE","text-decoration":"CT_CSS_SKIP_RULE"},"pageExcerptColor":{"default":{"color":"CT_CSS_SKIP_RULEDEFAULT"}},"breadcrumbsFont":{"family":"Default","variation":"n6","size":"12px","line-height":"CT_CSS_SKIP_RULE","letter-spacing":"CT_CSS_SKIP_RULE","text-transform":"uppercase","text-decoration":"CT_CSS_SKIP_RULE"},"breadcrumbsFontColor":{"default":{"color":"CT_CSS_SKIP_RULEDEFAULT"},"initial":{"color":"CT_CSS_SKIP_RULEDEFAULT"},"hover":{"color":"CT_CSS_SKIP_RULEDEFAULT"}},"pageTitleOverlay":{"default":{"color":"rgba(41, 51, 60, 0.2)"}},"pageTitleBackground":{"background_type":"color","background_pattern":"type-1","background_image":{"attachment_id":null,"x":0,"y":0},"background_repeat":"no-repeat","background_size":"auto","background_attachment":"scroll","patternColor":{"default":{"color":"#e5e7ea"}},"backgroundColor":{"default":{"color":"#EDEFF2"}}},"727890d650656ccb1b479f2bca1f4edf":"","page_structure_type":"default","content_style":"inherit","vertical_spacing_source":"custom","content_area_spacing":"none","background":{"background_type":"color","background_pattern":"type-1","background_image":{"attachment_id":null,"x":0,"y":0},"background_repeat":"no-repeat","background_size":"auto","background_attachment":"scroll","patternColor":{"default":{"color":"#e5e7ea"}},"backgroundColor":{"default":{"color":"CT_CSS_SKIP_RULE"}}},"content_background":{"background_type":"color","background_pattern":"type-1","background_image":{"attachment_id":null,"x":0,"y":0},"background_repeat":"no-repeat","background_size":"auto","background_attachment":"scroll","patternColor":{"default":{"color":"#e5e7ea"}},"backgroundColor":{"default":{"color":"#ffffff"}}},"content_boxed_spacing":{"desktop":"40px","tablet":"35px","mobile":"20px"},"content_boxed_radius":{"top":"3px","bottom":"3px","left":"3px","right":"3px","linked":true},"content_boxed_shadow":{"blur":18,"spread":-6,"v_offset":12,"h_offset":0,"inset":false,"enable":true,"color":{"color":"rgba(34, 56, 101, 0.04)"}},"9408b4f1b8a8ab97539594cb459fb29a":"","disable_featured_image":"no","disable_header":"no","disable_footer":"no","styles_descriptor":{"styles":{"desktop":"","tablet":"","mobile":""},"google_fonts":[]}},"_links":{"self":[{"href":"https:\/\/www.chinatownparts.com\/index.php?rest_route=\/wp\/v2\/pages\/349"}],"collection":[{"href":"https:\/\/www.chinatownparts.com\/index.php?rest_route=\/wp\/v2\/pages"}],"about":[{"href":"https:\/\/www.chinatownparts.com\/index.php?rest_route=\/wp\/v2\/types\/page"}],"author":[{"embeddable":true,"href":"https:\/\/www.chinatownparts.com\/index.php?rest_route=\/wp\/v2\/users\/1"}],"replies":[{"embeddable":true,"href":"https:\/\/www.chinatownparts.com\/index.php?rest_route=%2Fwp%2Fv2%2Fcomments&post=349"}],"version-history":[{"count":16,"href":"https:\/\/www.chinatownparts.com\/index.php?rest_route=\/wp\/v2\/pages\/349\/revisions"}],"predecessor-version":[{"id":1319,"href":"https:\/\/www.chinatownparts.com\/index.php?rest_route=\/wp\/v2\/pages\/349\/revisions\/1319"}],"wp:featuredmedia":[{"embeddable":true,"href":"https:\/\/www.chinatownparts.com\/index.php?rest_route=\/wp\/v2\/media\/433"}],"wp:attachment":[{"href":"https:\/\/www.chinatownparts.com\/index.php?rest_route=%2Fwp%2Fv2%2Fmedia&parent=349"}],"curies":[{"name":"wp","href":"https:\/\/api.w.org\/{rel}","templated":true}]}}