{"id":1007,"date":"2020-07-31T11:11:05","date_gmt":"2020-07-31T11:11:05","guid":{"rendered":"https:\/\/www.chinatownparts.com\/?page_id=1007"},"modified":"2024-03-07T22:58:55","modified_gmt":"2024-03-08T03:58:55","slug":"contact-2","status":"publish","type":"page","link":"https:\/\/www.chinatownparts.com\/?page_id=1007","title":{"rendered":"Contact"},"content":{"rendered":"<div class=\"brz-root__container brz-reset-all\">\n<section id=\"auxhunpucbuidvrmpsfddmrphspxzpguttbe\" class=\"brz-section brz-css-fEc1R\">\n<div class=\"brz-section__content brz-section--boxed brz-css-aU_R4 brz-css-yJYSG\" data-brz-custom-id=\"vchttbxnypeyailyxhpjcyupocvfphdrilvw\">\n<div class=\"brz-bg\">\n<div class=\"brz-bg-image\"><\/div>\n<\/div>\n<div class=\"brz-container brz-css-vJIah brz-css-idnrL\">\n<div id class=\"brz-css-d5ZI_ brz-wrapper\">\n<div class=\"brz-rich-text brz-rich-text__custom brz-css-rA63E\" data-brz-custom-id=\"tcheqzgxaftclxhflyqnbzzogprrlobxcrck\">\n<div data-brz-translate-text=\"1\">\n<p class=\"brz-text-lg-center brz-tp-lg-heading1 brz-css-ylf3R\" data-uniq-id=\"er3rQ\" data-generated-css=\"brz-css-u3rGx\"><span class=\"brz-cp-color8\">Cont\u00e1ctanos<\/span><\/p>\n<\/div>\n<\/div>\n<\/div>\n<div id data-brz-iteration-count=\"1\" class=\"brz-css-d5ZI_ brz-wrapper brz-animated brz-css-xuh0n brz-css-bust4\" data-animationid=\"dxylsbnquahxwnmiapaahhtlvpkdcwrbiixx\">\n<div class=\"brz-rich-text brz-rich-text__custom brz-css-rA63E\" data-brz-custom-id=\"zbiblndtafxrmtwumyjeuurovrscevxvumps\">\n<div data-brz-translate-text=\"1\">\n<p class=\"brz-tp-lg-paragraph brz-text-lg-center brz-css-oaRsB\" data-uniq-id=\"ewaG2\" data-generated-css=\"brz-css-gouoq\"><span class=\"brz-cp-color8 brz-capitalize-on\">Estamos dispuestos a ayudarte con cualquier informaci\u00f3n o <\/span><\/p>\n<p class=\"brz-tp-lg-paragraph brz-text-lg-center brz-css-zua4L\" data-uniq-id=\"ewaG2\" data-generated-css=\"brz-css-gouoq\"><span class=\"brz-cp-color8 brz-capitalize-on\">asesor\u00eda que requieras  <\/span><\/p>\n<\/div>\n<\/div>\n<\/div>\n<\/div>\n<\/div>\n<\/section>\n<section id=\"siehmofalktufjcfjxgfkpttgkojwufqmsjd\" class=\"brz-section brz-css-fEc1R\">\n<div class=\"brz-section__content brz-section--boxed brz-css-aU_R4 brz-css-nj_Em\" data-brz-custom-id=\"vzpzbeuscfpnqhkpqchgpoauwjqdcosvknbk\">\n<div class=\"brz-container brz-css-vJIah\">\n<div class=\"brz-row__container brz-css-fNPy9\" data-brz-custom-id=\"rtyhxwpufvhhzwfvetqsokmwaeustjrhyuge\">\n<div class=\"brz-bg\"><\/div>\n<div class=\"brz-row brz-css-kP7DK brz-css-fRT6O\">\n<div class=\"brz-columns brz-css-rvYLZ brz-css-lsJGM\" data-brz-custom-id=\"vrecbltaktubtxbqojdibwffzziictsczqsv\">\n<div class=\"brz-bg\"><\/div>\n<div class=\"brz-column__items brz-css-anSHD brz-css-s8i3e\">\n<div class=\"brz-wrapper-clone brz-css-nNgOF\">\n<div class=\"brz-d-xs-flex brz-flex-xs-wrap brz-css-lCupH\" data-brz-custom-id>\n<div class=\"brz-wrapper-clone__item\" id=\"bibkoslbrryybsfmildxflgypykjdilyjuah\">\n<div class=\"brz-icon__container\" data-brz-custom-id=\"bibkoslbrryybsfmildxflgypykjdilyjuah\"><span class=\"brz-icon brz-span brz-css-sH_Ya brz-css-ny8jU\"><svg xmlns=\"http:\/\/www.w3.org\/2000\/svg\" viewbox=\"0 0 512 512\" class=\"brz-icon-svg align-[initial]\" data-type=\"fa\" data-name=\"clock\"><path d=\"M256 8C119 8 8 119 8 256s111 248 248 248 248-111 248-248S393 8 256 8Zm92.49 313-20 25a16 16 0 0 1-22.49 2.5l-67-49.72a40 40 0 0 1-15-31.23V112a16 16 0 0 1 16-16h32a16 16 0 0 1 16 16v144l58 42.5a16 16 0 0 1 2.49 22.5Z\"\/><\/svg><\/span><\/div>\n<\/div>\n<\/div>\n<\/div>\n<div id class=\"brz-css-d5ZI_ brz-wrapper\">\n<div class=\"brz-rich-text brz-rich-text__custom brz-css-rA63E\" data-brz-custom-id=\"uswywvzkvpwhmxjzbmleoesgaxjmvtulatrg\">\n<div data-brz-translate-text=\"1\">\n<p class=\"brz-tp-lg-heading3 brz-text-lg-center brz-css-f7lHG\" data-uniq-id=\"nNz1l\" data-generated-css=\"brz-css-hRgzo\"><span class=\"brz-cp-color2\">Horario Laboral<\/span><\/p>\n<\/div>\n<\/div>\n<\/div>\n<div id class=\"brz-css-d5ZI_ brz-wrapper\">\n<div class=\"brz-rich-text brz-rich-text__custom brz-css-rA63E\" data-brz-custom-id=\"sbejoleyofugswlluretijfopvhtefsujdgs\">\n<div data-brz-translate-text=\"1\">\n<p class=\"brz-tp-lg-paragraph brz-text-lg-center brz-css-i3eGr\" data-generated-css=\"brz-css-sGWic\" data-uniq-id=\"nVac0\"><strong class=\"brz-cp-color7\">LUNES A VIERNES:<\/strong><span class=\"brz-cp-color7\"> <\/span><span class=\"brz-cp-color7\" style=\"color: rgb(32, 0, 0);\">8:30 am &#8211; 6:00 pm<\/span><\/p>\n<p class=\"brz-tp-lg-paragraph brz-text-lg-center brz-css-chGEd\" data-generated-css=\"brz-css-uGPBz\" data-uniq-id=\"fonOM\"><strong class=\"brz-cp-color7\">S\u00c1BADO:<\/strong><span class=\"brz-cp-color7\"> <\/span><span class=\"brz-cp-color7\" style=\"color: rgb(32, 0, 0);\">8:30 am &#8211; 1:00 pm<\/span><\/p>\n<p class=\"brz-tp-lg-paragraph brz-text-lg-center brz-css-tyTBr\" data-generated-css=\"brz-css-vQPBN\" data-uniq-id=\"cTpSg\"><strong class=\"brz-cp-color7\">DOMINGO: <\/strong><span class=\"brz-cp-color7\">NO HAY ATENCI\u00d3N<\/span><\/p>\n<\/div>\n<\/div>\n<\/div>\n<\/div>\n<\/div>\n<div class=\"brz-columns brz-css-rvYLZ brz-css-i1B13\" data-brz-custom-id=\"pcbdqztxxyabwwxjmxhhocgsgjejevxnyjhz\">\n<div class=\"brz-bg\"><\/div>\n<div class=\"brz-column__items brz-css-anSHD brz-css-wpbTH\">\n<div class=\"brz-wrapper-clone brz-css-nNgOF\">\n<div class=\"brz-d-xs-flex brz-flex-xs-wrap brz-css-lCupH\" data-brz-custom-id>\n<div class=\"brz-wrapper-clone__item\" id=\"kakmhoelhvfkmqfmldowswkpdjwixolsahvd\">\n<div class=\"brz-icon__container\" data-brz-custom-id=\"kakmhoelhvfkmqfmldowswkpdjwixolsahvd\"><span class=\"brz-icon brz-span brz-css-sH_Ya brz-css-xnmxe\"><svg xmlns=\"http:\/\/www.w3.org\/2000\/svg\" viewbox=\"0 0 320 512\" class=\"brz-icon-svg align-[initial]\" data-type=\"fa\" data-name=\"mobile\"><path d=\"M272 0H48C21.5 0 0 21.5 0 48v416c0 26.5 21.5 48 48 48h224c26.5 0 48-21.5 48-48V48c0-26.5-21.5-48-48-48zM160 480c-17.7 0-32-14.3-32-32s14.3-32 32-32 32 14.3 32 32-14.3 32-32 32z\"\/><\/svg><\/span><\/div>\n<\/div>\n<\/div>\n<\/div>\n<div id class=\"brz-css-d5ZI_ brz-wrapper\">\n<div class=\"brz-rich-text brz-rich-text__custom brz-css-rA63E\" data-brz-custom-id=\"xiafcqwyjtpnqzlpfbmlrtlqlhnysjtdebko\">\n<div data-brz-translate-text=\"1\">\n<p class=\"brz-tp-lg-heading3 brz-text-lg-center brz-css-w25Ui\" data-uniq-id=\"dZItn\" data-generated-css=\"brz-css-uyfyn\"><span class=\"brz-cp-color2\">N\u00fameros de Tel\u00e9fono<\/span><\/p>\n<\/div>\n<\/div>\n<\/div>\n<div id class=\"brz-css-d5ZI_ brz-wrapper\">\n<div class=\"brz-rich-text brz-rich-text__custom brz-css-rA63E\" data-brz-custom-id=\"gtbrnmowanfhdoqnhcozknvlyeijkupsbjmi\">\n<div data-brz-translate-text=\"1\">\n<ul>\n<li class=\"brz-tp-lg-paragraph brz-text-lg-justify brz-css-p8twJ\" data-uniq-id=\"btSNo\" data-generated-css=\"brz-css-hVKsf\"><strong>IBARRA              <\/strong>+593 99 610 8495<\/li>\n<li class=\"brz-tp-lg-paragraph brz-text-lg-justify brz-css-abv7O\" data-uniq-id=\"qHfgv\" data-generated-css=\"brz-css-ldZeQ\"><strong>GUAYAQUIL    <\/strong><span style=\"color: rgb(0, 0, 0);\">+593 98 613 7103<\/span><\/li>\n<li class=\"brz-tp-lg-paragraph brz-text-lg-justify brz-css-vxWZG\" data-uniq-id=\"oAdFc\" data-generated-css=\"brz-css-tAa1X\"><strong>AMBATO           <\/strong>+593<span style=\"color: rgb(0, 0, 0);\"> 99 577 3463<\/span><\/li>\n<li class=\"brz-tp-lg-paragraph brz-text-lg-justify brz-css-iaP0P\" data-uniq-id=\"jzuDs\" data-generated-css=\"brz-css-ypVWM\"><strong>CUENCA            <\/strong>+593 <span style=\"color: rgb(0, 0, 0);\">99 378 8718<\/span><\/li>\n<\/ul>\n<p class=\"brz-text-lg-center brz-tp-lg-paragraph brz-css-lm8Vc\" data-uniq-id=\"a6EWk\" data-generated-css=\"brz-css-oOPSh\"><\/p>\n<\/div>\n<\/div>\n<\/div>\n<\/div>\n<\/div>\n<\/div>\n<\/div>\n<div class=\"brz-row__container brz-css-fNPy9\" data-brz-custom-id=\"psJGteZWkpVX\">\n<div class=\"brz-bg\"><\/div>\n<div class=\"brz-row brz-css-kP7DK brz-css-fRT6O\">\n<div class=\"brz-columns brz-css-rvYLZ brz-css-o4qnB\" data-brz-custom-id=\"oHb3AjIkCESN\">\n<div class=\"brz-bg\"><\/div>\n<div class=\"brz-column__items brz-css-anSHD\">\n<div class=\"brz-wrapper-clone brz-css-nNgOF\">\n<div class=\"brz-d-xs-flex brz-flex-xs-wrap brz-css-lCupH\" data-brz-custom-id>\n<div class=\"brz-wrapper-clone__item\" id=\"hhTOJeSchRtE\">\n<div class=\"brz-icon__container\" data-brz-custom-id=\"hhTOJeSchRtE\"><span class=\"brz-icon brz-span brz-css-sH_Ya brz-css-z_tGN\"><svg xmlns=\"http:\/\/www.w3.org\/2000\/svg\" viewbox=\"0 0 576 512\" class=\"brz-icon-svg align-[initial]\" data-type=\"fa\" data-name=\"map-marked-alt\"><path d=\"M288 0c-69.59 0-126 56.41-126 126 0 56.26 82.35 158.8 113.9 196.02 6.39 7.54 17.82 7.54 24.2 0C331.65 284.8 414 182.26 414 126 414 56.41 357.59 0 288 0zm0 168c-23.2 0-42-18.8-42-42s18.8-42 42-42 42 18.8 42 42-18.8 42-42 42zM20.12 215.95A32.006 32.006 0 0 0 0 245.66v250.32c0 11.32 11.43 19.06 21.94 14.86L160 448V214.92c-8.84-15.98-16.07-31.54-21.25-46.42L20.12 215.95zM288 359.67c-14.07 0-27.38-6.18-36.51-16.96-19.66-23.2-40.57-49.62-59.49-76.72v182l192 64V266c-18.92 27.09-39.82 53.52-59.49 76.72-9.13 10.77-22.44 16.95-36.51 16.95zm266.06-198.51L416 224v288l139.88-55.95A31.996 31.996 0 0 0 576 426.34V176.02c0-11.32-11.43-19.06-21.94-14.86z\"\/><\/svg><\/span><\/div>\n<\/div>\n<\/div>\n<\/div>\n<div id class=\"brz-css-d5ZI_ brz-wrapper\">\n<div class=\"brz-rich-text brz-rich-text__custom brz-css-rA63E\" data-brz-custom-id=\"hShzDkj45WRo\">\n<div data-brz-translate-text=\"1\">\n<p class=\"brz-tp-lg-heading3 brz-text-lg-center brz-css-nRecY\" data-uniq-id=\"l01gh\" data-generated-css=\"brz-css-pLNYP\"><span class=\"brz-cp-color2\">Ubicaciones <\/span><\/p>\n<\/div>\n<\/div>\n<\/div>\n<div id class=\"brz-css-d5ZI_ brz-wrapper\">\n<div class=\"brz-rich-text brz-rich-text__custom brz-css-rA63E\" data-brz-custom-id=\"iV7bJisWyOac\">\n<div data-brz-translate-text=\"1\">\n<p class=\"brz-tp-lg-heading3 brz-text-lg-justify brz-css-zhm0m\" data-generated-css=\"brz-css-hBR42\" data-uniq-id=\"pFogz\"><span style=\"color: rgb(0, 0, 0);\">                    IBARRA                                  GUAYAQUIL                               AMBATO                                     CUENCA<\/span><\/p>\n<\/div>\n<\/div>\n<\/div>\n<div class=\"brz-row__container brz-css-fNPy9\" data-brz-custom-id=\"i0UpptwX997w\">\n<div class=\"brz-bg\"><\/div>\n<div class=\"brz-row brz-row--inner brz-css-kP7DK\">\n<div class=\"brz-columns brz-css-rvYLZ brz-css-v1y0w\" data-brz-custom-id=\"vttXjEtXwXYI\">\n<div class=\"brz-bg\"><\/div>\n<div class=\"brz-column__items brz-css-anSHD\">\n<div id class=\"brz-css-d5ZI_ brz-wrapper\">\n<div class=\"brz-map brz-map_styles brz-css-cS7le brz-css-gu7Qf\" data-brz-custom-id=\"rRfutbDyq7KF\">\n<div class=\"brz-ui-ed-map-content\"><iframe class=\"intrinsic-ignore brz-ui-ed-iframe\" src=\"https:\/\/www.google.com\/maps\/embed\/v1\/place?key=AIzaSyCcywKcxXeMZiMwLDcLgyEnNglcLOyB_qw&amp;q=Av. Mariano Acosta 15-39 y, Ibarra&amp;zoom=15\" title=\"map\"><\/iframe><\/div>\n<\/div>\n<\/div>\n<\/div>\n<\/div>\n<div class=\"brz-columns brz-css-rvYLZ brz-css-vIGOX\" data-brz-custom-id=\"dpIbg1mRCk2P\">\n<div class=\"brz-bg\"><\/div>\n<div class=\"brz-column__items brz-css-anSHD\">\n<div id class=\"brz-css-d5ZI_ brz-wrapper\">\n<div class=\"brz-map brz-map_styles brz-css-cS7le brz-css-dWN2i\" data-brz-custom-id=\"k0kpqdDHe4UN\">\n<div class=\"brz-ui-ed-map-content\"><iframe class=\"intrinsic-ignore brz-ui-ed-iframe\" src=\"https:\/\/www.google.com\/maps\/embed\/v1\/place?key=AIzaSyCcywKcxXeMZiMwLDcLgyEnNglcLOyB_qw&amp;q=ERA MZ J V21, C. 16 NE - Av. Agust\u00edn Freire Icaza, Guayaquil 090509&amp;zoom=15\" title=\"map\"><\/iframe><\/div>\n<\/div>\n<\/div>\n<\/div>\n<\/div>\n<div class=\"brz-columns brz-css-rvYLZ brz-css-zUCrd\" data-brz-custom-id=\"b6Cg9rDRVHpJ\">\n<div class=\"brz-bg\"><\/div>\n<div class=\"brz-column__items brz-css-anSHD\">\n<div id class=\"brz-css-d5ZI_ brz-wrapper\">\n<div class=\"brz-map brz-map_styles brz-css-cS7le brz-css-wEeLD\" data-brz-custom-id=\"swXSJc8Ewu31\">\n<div class=\"brz-ui-ed-map-content\"><iframe class=\"intrinsic-ignore brz-ui-ed-iframe\" src=\"https:\/\/www.google.com\/maps\/embed\/v1\/place?key=AIzaSyCcywKcxXeMZiMwLDcLgyEnNglcLOyB_qw&amp;q=Av. El Rey 462 y, Ambato 180205&amp;zoom=15\" title=\"map\"><\/iframe><\/div>\n<\/div>\n<\/div>\n<\/div>\n<\/div>\n<div class=\"brz-columns brz-css-rvYLZ brz-css-dBjFM\" data-brz-custom-id=\"voMQ2KnzTEEo\">\n<div class=\"brz-bg\"><\/div>\n<div class=\"brz-column__items brz-css-anSHD\">\n<div id class=\"brz-css-d5ZI_ brz-wrapper\">\n<div class=\"brz-map brz-map_styles brz-css-cS7le brz-css-t1BvO\" data-brz-custom-id=\"wIH7G80qBOWF\">\n<div class=\"brz-ui-ed-map-content\"><iframe class=\"intrinsic-ignore brz-ui-ed-iframe\" src=\"https:\/\/www.google.com\/maps\/embed\/v1\/place?key=AIzaSyCcywKcxXeMZiMwLDcLgyEnNglcLOyB_qw&amp;q=Av. Huayna C\u00e1pac 4-92 Y, Cuenca&amp;zoom=15\" title=\"map\"><\/iframe><\/div>\n<\/div>\n<\/div>\n<\/div>\n<\/div>\n<\/div>\n<\/div>\n<div class=\"brz-row__container brz-css-fNPy9\" data-brz-custom-id=\"s4se4EHn__As\">\n<div class=\"brz-bg\"><\/div>\n<div class=\"brz-row brz-row--inner brz-css-kP7DK\">\n<div class=\"brz-columns brz-css-rvYLZ brz-css-oNFg7\" data-brz-custom-id=\"pDeFzgoSYYPJ\">\n<div class=\"brz-bg\"><\/div>\n<div class=\"brz-column__items brz-css-anSHD\">\n<div id class=\"brz-css-d5ZI_ brz-wrapper\">\n<div class=\"brz-rich-text brz-rich-text__custom brz-css-rA63E\" data-brz-custom-id=\"ot7pDXM9Cr4a\">\n<div data-brz-translate-text=\"1\">\n<p class=\"brz-tp-lg-paragraph brz-text-lg-center brz-css-fkI_6\" data-uniq-id=\"ix0w5\" data-generated-css=\"brz-css-sIgqU\"><strong class=\"brz-cp-color7\">Av. Mariano Acosta 15-39 y Gabriela Mistral.<\/strong><\/p>\n<\/div>\n<\/div>\n<\/div>\n<\/div>\n<\/div>\n<div class=\"brz-columns brz-css-rvYLZ brz-css-lXGPt\" data-brz-custom-id=\"gMo9nXqm62pu\">\n<div class=\"brz-bg\"><\/div>\n<div class=\"brz-column__items brz-css-anSHD\">\n<div id class=\"brz-css-d5ZI_ brz-wrapper\">\n<div class=\"brz-rich-text brz-rich-text__custom brz-css-rA63E\" data-brz-custom-id=\"hJFw4OpO0OY7\">\n<div data-brz-translate-text=\"1\">\n<p class=\"brz-text-lg-center brz-tp-lg-paragraph brz-css-rOWCA\" data-generated-css=\"brz-css-ypOIj\" data-uniq-id=\"pLBW6\"><strong class=\"brz-cp-color7\">Av. Agust\u00edn Freire Icaza y Av. Francisco de Orellana Alborada 1era Etapa MZ J Villa 21<\/strong><\/p>\n<\/div>\n<\/div>\n<\/div>\n<\/div>\n<\/div>\n<div class=\"brz-columns brz-css-rvYLZ brz-css-nhKNf\" data-brz-custom-id=\"kCQSOMwVGWNm\">\n<div class=\"brz-bg\"><\/div>\n<div class=\"brz-column__items brz-css-anSHD\">\n<div id class=\"brz-css-d5ZI_ brz-wrapper\">\n<div class=\"brz-rich-text brz-rich-text__custom brz-css-rA63E\" data-brz-custom-id=\"pSBkn46pXpkt\">\n<div data-brz-translate-text=\"1\">\n<p class=\"brz-tp-lg-paragraph brz-text-lg-center brz-css-zbmlA\" data-uniq-id=\"fXP3P\" data-generated-css=\"brz-css-tb8V1\"><strong class=\"brz-cp-color7\">Av. El Rey 0462 y Los Andes<\/strong><\/p>\n<\/div>\n<\/div>\n<\/div>\n<\/div>\n<\/div>\n<div class=\"brz-columns brz-css-rvYLZ brz-css-lXTKj\" data-brz-custom-id=\"sAl5ShPzeKm2\">\n<div class=\"brz-bg\"><\/div>\n<div class=\"brz-column__items brz-css-anSHD\">\n<div id class=\"brz-css-d5ZI_ brz-wrapper\">\n<div class=\"brz-rich-text brz-rich-text__custom brz-css-rA63E\" data-brz-custom-id=\"kMhtrKGufpRX\">\n<div data-brz-translate-text=\"1\">\n<p class=\"brz-tp-lg-paragraph brz-text-lg-center brz-css-fQZkU\" data-uniq-id=\"xzccZ\" data-generated-css=\"brz-css-hG00V\"><strong class=\"brz-cp-color7\">Huayna Capac 4-92 y Mariscal Lamar<\/strong><\/p>\n<\/div>\n<\/div>\n<\/div>\n<\/div>\n<\/div>\n<\/div>\n<\/div>\n<\/div>\n<\/div>\n<\/div>\n<\/div>\n<div class=\"brz-row__container brz-css-fNPy9\" data-brz-custom-id=\"ekEjaXY3QstD\">\n<div class=\"brz-bg\"><\/div>\n<div class=\"brz-row brz-css-kP7DK brz-css-fRT6O\">\n<div class=\"brz-columns brz-css-rvYLZ brz-css-dQ0r9\" data-brz-custom-id=\"dxMBS0VcFkYb\">\n<div class=\"brz-bg\"><\/div>\n<div class=\"brz-column__items brz-css-anSHD\">\n<div id class=\"brz-css-d5ZI_ brz-wrapper\">\n<div class=\"brz-rich-text brz-rich-text__custom brz-css-rA63E\" data-brz-custom-id=\"zm17jDY6kDzW\">\n<div data-brz-translate-text=\"1\">\n<p class=\"brz-text-lg-center brz-tp-lg-empty brz-ff-initial brz-ft-system brz-fs-lg-31 brz-fss-lg-px brz-fw-lg-400 brz-ls-lg-0 brz-lh-lg-1_6 brz-vfw-lg-400 brz-fwdth-lg-100 brz-fsft-lg-0 brz-css-cjK44\" data-uniq-id=\"qM61N\" data-generated-css=\"brz-css-ouFuk\"><strong style=\"color: rgb(0, 0, 0);\">\u00a1TE ESPERAMOS!<\/strong><\/p>\n<\/div>\n<\/div>\n<\/div>\n<\/div>\n<\/div>\n<\/div>\n<\/div>\n<\/div>\n<\/div>\n<\/section>\n<\/div>\n<p>    <!-- version:1709870335 --><\/p>\n","protected":false},"excerpt":{"rendered":"<p>Cont\u00e1ctanos Estamos dispuestos a ayudarte con cualquier informaci\u00f3n o asesor\u00eda que requieras Horario Laboral LUNES A VIERNES: 8:30 am &#8211; 6:00 pm S\u00c1BADO: 8:30 am &#8211; 1:00 pm DOMINGO: NO HAY ATENCI\u00d3N N\u00fameros de Tel\u00e9fono IBARRA +593 99 610 8495 GUAYAQUIL +593 98 613 7103 AMBATO +593 99 577 3463 CUENCA +593 99 378 8718 [&hellip;]<\/p>\n","protected":false},"author":1,"featured_media":0,"parent":0,"menu_order":0,"comment_status":"closed","ping_status":"closed","template":"","meta":{"footnotes":""},"blocksy_meta":{"page_title_panel":"","has_hero_section":"disabled","1771f12a820a07ed45e65773790cd9db":"","hero_section":"type-1","hero_elements":[{"id":"custom_title","enabled":true,"heading_tag":"h1","title":"Home"},{"id":"custom_description","enabled":true,"description_visibility":{"desktop":true,"tablet":true,"mobile":false}},{"id":"custom_meta","enabled":false,"meta_elements":[{"id":"author","enabled":true,"label":"By","has_author_avatar":"yes","avatar_size":25},{"id":"post_date","enabled":true,"label":"On","date_format_source":"default","date_format":"M j, Y"},{"id":"comments","enabled":true}],"page_meta_elements":{"joined":true,"articles_count":true,"comments":true}},{"id":"breadcrumbs","enabled":false}],"de81297c00dc7bee5ebf64e3358a4218":"","hero_alignment1":"left","hero_alignment2":"center","hero_vertical_alignment":"center","46f42044daea03805e0810330a181a6f":"","hero_structure":"narrow","6c94e4c00286a5cf6ccfd11aae68e8fe":"","page_title_bg_type":"featured_image","custom_hero_background":{"attachment_id":null},"parallax":{"desktop":false,"tablet":false,"mobile":false},"52b07a49ab75f827710c523d282b5c94":"","hero_height":"230px","pageTitleFont":{"family":"Default","variation":"Default","size":{"desktop":"32px","tablet":"30px","mobile":"25px"},"line-height":"1.3","letter-spacing":"CT_CSS_SKIP_RULE","text-transform":"CT_CSS_SKIP_RULE","text-decoration":"CT_CSS_SKIP_RULE"},"pageTitleFontColor":{"default":{"color":"CT_CSS_SKIP_RULEDEFAULT"}},"pageMetaFont":{"family":"Default","variation":"n6","size":{"desktop":"12px","tablet":"12px","mobile":"12px"},"line-height":"1.3","letter-spacing":"CT_CSS_SKIP_RULE","text-transform":"uppercase","text-decoration":"CT_CSS_SKIP_RULE"},"pageMetaFontColor":{"default":{"color":"CT_CSS_SKIP_RULEDEFAULT"},"hover":{"color":"CT_CSS_SKIP_RULEDEFAULT"}},"pageExcerptFont":{"family":"Default","variation":"n5","size":"CT_CSS_SKIP_RULE","line-height":"CT_CSS_SKIP_RULE","letter-spacing":"CT_CSS_SKIP_RULE","text-transform":"CT_CSS_SKIP_RULE","text-decoration":"CT_CSS_SKIP_RULE"},"pageExcerptColor":{"default":{"color":"CT_CSS_SKIP_RULEDEFAULT"}},"breadcrumbsFont":{"family":"Default","variation":"n6","size":"12px","line-height":"CT_CSS_SKIP_RULE","letter-spacing":"CT_CSS_SKIP_RULE","text-transform":"uppercase","text-decoration":"CT_CSS_SKIP_RULE"},"breadcrumbsFontColor":{"default":{"color":"CT_CSS_SKIP_RULEDEFAULT"},"initial":{"color":"CT_CSS_SKIP_RULEDEFAULT"},"hover":{"color":"CT_CSS_SKIP_RULEDEFAULT"}},"pageTitleOverlay":{"default":{"color":"rgba(41, 51, 60, 0.2)"}},"pageTitleBackground":{"background_type":"color","background_pattern":"type-1","background_image":{"attachment_id":null,"x":0,"y":0},"background_repeat":"no-repeat","background_size":"auto","background_attachment":"scroll","patternColor":{"default":{"color":"#e5e7ea"}},"backgroundColor":{"default":{"color":"#EDEFF2"}}},"aae1148d0265aeabb5736ae52b8d1209":"","page_structure_type":"default","content_style":"inherit","vertical_spacing_source":"custom","content_area_spacing":"none","background":{"background_type":"color","background_pattern":"type-1","background_image":{"attachment_id":null,"x":0,"y":0},"background_repeat":"no-repeat","background_size":"auto","background_attachment":"scroll","patternColor":{"default":{"color":"#e5e7ea"}},"backgroundColor":{"default":{"color":"CT_CSS_SKIP_RULE"}}},"content_background":{"background_type":"color","background_pattern":"type-1","background_image":{"attachment_id":null,"x":0,"y":0},"background_repeat":"no-repeat","background_size":"auto","background_attachment":"scroll","patternColor":{"default":{"color":"#e5e7ea"}},"backgroundColor":{"default":{"color":"#ffffff"}}},"content_boxed_spacing":{"desktop":"40px","tablet":"35px","mobile":"20px"},"content_boxed_radius":{"top":"3px","bottom":"3px","left":"3px","right":"3px","linked":true},"content_boxed_shadow":{"blur":18,"spread":-6,"v_offset":12,"h_offset":0,"inset":false,"enable":true,"color":{"color":"rgba(34, 56, 101, 0.04)"}},"7383365ec97a2fd6c77b8e6a1b0a8051":"","disable_featured_image":"no","disable_header":"no","disable_footer":"no"},"_links":{"self":[{"href":"https:\/\/www.chinatownparts.com\/index.php?rest_route=\/wp\/v2\/pages\/1007"}],"collection":[{"href":"https:\/\/www.chinatownparts.com\/index.php?rest_route=\/wp\/v2\/pages"}],"about":[{"href":"https:\/\/www.chinatownparts.com\/index.php?rest_route=\/wp\/v2\/types\/page"}],"author":[{"embeddable":true,"href":"https:\/\/www.chinatownparts.com\/index.php?rest_route=\/wp\/v2\/users\/1"}],"replies":[{"embeddable":true,"href":"https:\/\/www.chinatownparts.com\/index.php?rest_route=%2Fwp%2Fv2%2Fcomments&post=1007"}],"version-history":[{"count":6,"href":"https:\/\/www.chinatownparts.com\/index.php?rest_route=\/wp\/v2\/pages\/1007\/revisions"}],"predecessor-version":[{"id":1310,"href":"https:\/\/www.chinatownparts.com\/index.php?rest_route=\/wp\/v2\/pages\/1007\/revisions\/1310"}],"wp:attachment":[{"href":"https:\/\/www.chinatownparts.com\/index.php?rest_route=%2Fwp%2Fv2%2Fmedia&parent=1007"}],"curies":[{"name":"wp","href":"https:\/\/api.w.org\/{rel}","templated":true}]}}